{"id":1222,"date":"2026-01-06T09:10:54","date_gmt":"2026-01-06T02:10:54","guid":{"rendered":"https:\/\/futuresparq.edu.vn\/futuremath\/"},"modified":"2026-01-30T12:49:10","modified_gmt":"2026-01-30T05:49:10","slug":"futuremath","status":"publish","type":"page","link":"https:\/\/futuresparq.edu.vn\/vi\/futuremath\/","title":{"rendered":"FutureMath"},"content":{"rendered":"\t\t<div data-elementor-type=\"wp-page\" data-elementor-id=\"1222\" class=\"elementor elementor-1222 elementor-609\" data-elementor-post-type=\"page\">\n\t\t\t\t<div class=\"elementor-element elementor-element-5422ec9 e-con-full e-flex lakit-col-width-auto-no e-container e-root-container elementor-top-section e-con e-parent\" data-id=\"5422ec9\" data-element_type=\"container\" data-settings=\"{&quot;background_background&quot;:&quot;classic&quot;}\">\n\t\t<div class=\"elementor-element elementor-element-4254f42 e-con-full e-flex lakit-col-width-auto-no e-container e-con e-child\" data-id=\"4254f42\" data-element_type=\"container\">\n\t\t\t\t<div class=\"elementor-element elementor-element-a18654c elementor-widget elementor-widget-image\" data-id=\"a18654c\" data-element_type=\"widget\" data-widget_type=\"image.default\">\n\t\t\t\t\t\t\t\t\t\t\t\t\t\t\t<img fetchpriority=\"high\" decoding=\"async\" width=\"544\" height=\"100\" src=\"https:\/\/futuresparq.edu.vn\/wp-content\/uploads\/2025\/12\/MatchQ-Logo.png\" class=\"attachment-full size-full wp-image-1155\" alt=\"\" srcset=\"https:\/\/futuresparq.edu.vn\/wp-content\/uploads\/2025\/12\/MatchQ-Logo.png 544w, https:\/\/futuresparq.edu.vn\/wp-content\/uploads\/2025\/12\/MatchQ-Logo-300x55.png 300w\" sizes=\"(max-width: 544px) 100vw, 544px\" \/>\t\t\t\t\t\t\t\t\t\t\t\t\t\t\t<\/div>\n\t\t\t\t<div class=\"elementor-element elementor-element-d64b83d elementor-invisible elementor-widget elementor-widget-heading\" data-id=\"d64b83d\" data-element_type=\"widget\" data-settings=\"{&quot;_animation&quot;:&quot;fadeInUp&quot;}\" data-widget_type=\"heading.default\">\n\t\t\t\t\t<h1 class=\"elementor-heading-title elementor-size-default\"><span class=\"gadient_pink\">\u0110\u01af\u1ee2C THI\u1ebeT K\u1ebe B\u1edeI NH\u1eeeNG CHUY\u00caN GIA TO\u00c1N H\u1eccC H\u00c0NG \u0110\u1ea6U &amp; <br>\nTINH CH\u1ec8NH \u0110\u1ec2 PH\u00d9 H\u1ee2P CHO TR\u1eba <\/span><\/h1>\t\t\t\t<\/div>\n\t\t\t\t<div class=\"elementor-element elementor-element-6da092b elementor-widget elementor-widget-text-editor\" data-id=\"6da092b\" data-element_type=\"widget\" data-widget_type=\"text-editor.default\">\n\t\t\t\t\t\t\t\t\t<p>M\u1ee5c ti\u00eau c\u1ee7a ch\u00fang t\u00f4i l\u00e0 nu\u00f4i d\u01b0\u1ee1ng th\u1ebf h\u1ec7 t\u01b0 duy ti\u00ean phong &#8211; nh\u1eefng h\u1ecdc sinh c\u00f3 kh\u1ea3 n\u0103ng m\u00f4 h\u00ecnh h\u00f3a, ph\u00e2n t\u00edch v\u00e0 truy\u1ec1n \u0111\u1ea1t c\u00e1c \u00fd t\u01b0\u1edfng to\u00e1n h\u1ecdc m\u1ed9t c\u00e1ch r\u00f5 r\u00e0ng v\u1edbi ni\u1ec1m say m\u00ea v\u00e0 nhi\u1ec1u c\u1ea3m h\u1ee9ng.<\/p>\t\t\t\t\t\t\t\t<\/div>\n\t\t\t\t<\/div>\n\t\t\t\t<\/div>\n\t\t<div class=\"elementor-element elementor-element-e172e16 elementor-hidden-desktop elementor-hidden-tablet elementor-hidden-mobile e-flex e-con-boxed lakit-col-width-auto-no e-container e-root-container elementor-top-section e-con e-parent\" data-id=\"e172e16\" data-element_type=\"container\">\n\t\t\t\t\t<div class=\"e-con-inner\">\n\t\t<div class=\"elementor-element elementor-element-d6a97ba e-con-full e-flex lakit-col-width-auto-no e-container e-con e-child\" data-id=\"d6a97ba\" data-element_type=\"container\">\n\t\t\t\t<div class=\"elementor-element elementor-element-7b7b329 elementor-widget elementor-widget-image\" data-id=\"7b7b329\" data-element_type=\"widget\" data-widget_type=\"image.default\">\n\t\t\t\t\t\t\t\t\t\t\t\t\t\t\t<img decoding=\"async\" width=\"855\" height=\"840\" src=\"https:\/\/futuresparq.edu.vn\/wp-content\/uploads\/2026\/01\/image-10.png\" class=\"attachment-full size-full wp-image-1230\" alt=\"\" srcset=\"https:\/\/futuresparq.edu.vn\/wp-content\/uploads\/2026\/01\/image-10.png 855w, https:\/\/futuresparq.edu.vn\/wp-content\/uploads\/2026\/01\/image-10-300x295.png 300w, https:\/\/futuresparq.edu.vn\/wp-content\/uploads\/2026\/01\/image-10-768x755.png 768w\" sizes=\"(max-width: 855px) 100vw, 855px\" \/>\t\t\t\t\t\t\t\t\t\t\t\t\t\t\t<\/div>\n\t\t\t\t<\/div>\n\t\t<div class=\"elementor-element elementor-element-7a5d9fa e-con-full e-flex lakit-col-width-auto-no e-container e-con e-child\" data-id=\"7a5d9fa\" data-element_type=\"container\">\n\t\t\t\t<div class=\"elementor-element elementor-element-2b6895e elementor-widget elementor-widget-heading\" data-id=\"2b6895e\" data-element_type=\"widget\" data-widget_type=\"heading.default\">\n\t\t\t\t\t<h2 class=\"elementor-heading-title elementor-size-default\">Video <span class=\"gadient_pink\">Introduction<\/span><\/h2>\t\t\t\t<\/div>\n\t\t\t\t<div class=\"elementor-element elementor-element-d0a67cb elementor-widget elementor-widget-text-editor\" data-id=\"d0a67cb\" data-element_type=\"widget\" data-widget_type=\"text-editor.default\">\n\t\t\t\t\t\t\t\t\t<p>Being future-ready means growing the mindset to thrive in a world shaped by AI and constant change. Children learn to think critically, create boldly, and work confidently with technology\u2014skills no machine can replace. They build resilience and imagination, turning unknown challenges into possibilities and leading with clarity in moments where the future has no script.<\/p>\t\t\t\t\t\t\t\t<\/div>\n\t\t\t\t<\/div>\n\t\t\t\t\t<\/div>\n\t\t\t\t<\/div>\n\t\t<div class=\"elementor-element elementor-element-0788150 back_pink e-flex e-con-boxed lakit-col-width-auto-no e-container e-root-container elementor-top-section e-con e-parent\" data-id=\"0788150\" data-element_type=\"container\" data-settings=\"{&quot;background_background&quot;:&quot;classic&quot;}\">\n\t\t\t\t\t<div class=\"e-con-inner\">\n\t\t\t\t<div class=\"elementor-element elementor-element-a1598d4 elementor-widget__width-initial elementor-widget elementor-widget-heading\" data-id=\"a1598d4\" data-element_type=\"widget\" data-widget_type=\"heading.default\">\n\t\t\t\t\t<h2 class=\"elementor-heading-title elementor-size-default\">FutureMath l\u00e0 s\u1ef1 k\u1ebft h\u1ee3p tinh t\u1ebf gi\u1eefa logic, h\u1ecdc hay &amp; ch\u01a1i vui.<\/h2>\t\t\t\t<\/div>\n\t\t<div class=\"elementor-element elementor-element-9cbf3e1 e-con-full e-flex lakit-col-width-auto-no e-container e-con e-child\" data-id=\"9cbf3e1\" data-element_type=\"container\">\n\t\t\t\t<div class=\"elementor-element elementor-element-d2b5a02 pp-info-box-left elementor-widget__width-initial elementor-widget-mobile__width-inherit elementor-widget elementor-widget-pp-info-box\" data-id=\"d2b5a02\" data-element_type=\"widget\" data-settings=\"{&quot;icon_position&quot;:&quot;left&quot;}\" data-widget_type=\"pp-info-box.default\">\n\t\t\t\t<div class=\"elementor-widget-container\">\n\t\t\t\t\t\t\t<div class=\"pp-info-box-container\">\r\n\t\t\t<div class=\"pp-info-box\">\r\n\t\t\t\t\t\t\t\t\t<div class=\"pp-info-box-icon-wrap\">\r\n\t\t\t\t\t\t\t\t\t\t\t\t\t\t<span class=\"pp-info-box-icon pp-icon\">\r\n\t\t\t<img decoding=\"async\" width=\"460\" height=\"500\" src=\"https:\/\/futuresparq.edu.vn\/wp-content\/uploads\/2026\/01\/The-Math-Classroom.png\" class=\"attachment-full size-full wp-image-750\" alt=\"\" srcset=\"https:\/\/futuresparq.edu.vn\/wp-content\/uploads\/2026\/01\/The-Math-Classroom.png 460w, https:\/\/futuresparq.edu.vn\/wp-content\/uploads\/2026\/01\/The-Math-Classroom-276x300.png 276w\" sizes=\"(max-width: 460px) 100vw, 460px\" \/>\t\t<\/span>\r\n\t\t\t\t\t\t\t\t\t\t\t\t\t<\/div>\r\n\t\t\t\t\t\t\t\t<div class=\"pp-info-box-content\">\r\n\t\t\t\t\t<div class=\"pp-info-box-title-wrap\">\r\n\t\t\t\t\t\t\t\t\t\t\t<\/div>\r\n\r\n\t\t\t\t\t\r\n\t\t\t\t\t\t\t\t\t\t\t<div class=\"pp-info-box-description\">\r\n\t\t\t\t\t\t\t<p><span style=\"color: #ec297d;\">The Singapore Math<\/span> &#8211; by The Global Citizen Education Group <span style=\"font-weight: 400;\">(chu\u1ea9n m\u1ef1c, th\u1ea5u hi\u1ec3u b\u1ea3n ch\u1ea5t, x\u1ebfp h\u1ea1ng s\u1ed1 1 th\u1ebf gi\u1edbi)<\/span><\/p><ul><li style=\"font-weight: 400;\" aria-level=\"1\"><b>Ch\u01b0\u01a1ng tr\u00ecnh gi\u1ea3ng d\u1ea1y tinh hoa, uy t\u00edn to\u00e0n c\u1ea7u <\/b><span style=\"font-weight: 400;\">(M\u00f4 h\u00ecnh CPA + MATH)<\/span><\/li><li><b>Ch\u1ea5t l\u01b0\u1ee3ng gi\u00e1o d\u1ee5c h\u00e0ng \u0111\u1ea7u,\u00a0 mang t\u00ednh c\u00e1 nh\u00e2n h\u00f3a<\/b><\/li><\/ul>\t\t\t\t\t\t<\/div>\r\n\t\t\t\t\t\t\t\t\t\t\t\t\t\t<\/div>\r\n\t\t\t<\/div>\r\n\t\t<\/div>\r\n\t\t\t\t\t\t<\/div>\n\t\t\t\t<\/div>\n\t\t\t\t<div class=\"elementor-element elementor-element-ad4df9c pp-info-box-left elementor-widget__width-initial pp-info-box-mobile-left elementor-widget-mobile__width-inherit elementor-widget elementor-widget-pp-info-box\" data-id=\"ad4df9c\" data-element_type=\"widget\" data-settings=\"{&quot;icon_position&quot;:&quot;left&quot;,&quot;icon_position_mobile&quot;:&quot;left&quot;}\" data-widget_type=\"pp-info-box.default\">\n\t\t\t\t<div class=\"elementor-widget-container\">\n\t\t\t\t\t\t\t<div class=\"pp-info-box-container\">\r\n\t\t\t<div class=\"pp-info-box\">\r\n\t\t\t\t\t\t\t\t\t<div class=\"pp-info-box-icon-wrap\">\r\n\t\t\t\t\t\t\t\t\t\t\t\t\t\t<span class=\"pp-info-box-icon pp-icon\">\r\n\t\t\t<img loading=\"lazy\" decoding=\"async\" width=\"460\" height=\"500\" src=\"https:\/\/futuresparq.edu.vn\/wp-content\/uploads\/2026\/01\/PlayFACTO.png\" class=\"attachment-full size-full wp-image-751\" alt=\"\" srcset=\"https:\/\/futuresparq.edu.vn\/wp-content\/uploads\/2026\/01\/PlayFACTO.png 460w, https:\/\/futuresparq.edu.vn\/wp-content\/uploads\/2026\/01\/PlayFACTO-276x300.png 276w\" sizes=\"(max-width: 460px) 100vw, 460px\" \/>\t\t<\/span>\r\n\t\t\t\t\t\t\t\t\t\t\t\t\t<\/div>\r\n\t\t\t\t\t\t\t\t<div class=\"pp-info-box-content\">\r\n\t\t\t\t\t<div class=\"pp-info-box-title-wrap\">\r\n\t\t\t\t\t\t\t\t\t\t\t<\/div>\r\n\r\n\t\t\t\t\t\r\n\t\t\t\t\t\t\t\t\t\t\t<div class=\"pp-info-box-description\">\r\n\t\t\t\t\t\t\t<p><span style=\"color: #ec297d;\">PlayFACTO Korea<\/span><br \/><span style=\"font-weight: 400;\">H\u1ecdc b\u1eb1ng c\u00e1c c\u00f4ng c\u1ee5 tr\u1ef1c quan (manipulatives) gi\u00fap tr\u1ebb hi\u1ec3u s\u00e2u\u2013nh\u1edb l\u00e2u v\u00e0 ph\u00e1t tri\u1ec3n t\u01b0 duy kh\u00f4ng gian<\/span><\/p><ul><li><strong>Chosen by <span style=\"color: #f10118;\">10,000+<\/span> <b>Ph\u1ee5 huynh tin t\u01b0\u1edfng l\u1ef1a ch\u1ecdn.<\/b><\/strong><\/li><li><b>\u0110\u01a1n v\u1ecb gi\u00e1o d\u1ee5c \u0111\u1ea1t nhi\u1ec1u gi\u1ea3i th\u01b0\u1edfng uy t\u00edn: <\/b><i><span style=\"font-weight: 400;\">Kids World Best Play-Based Math School\u201d (2018) &amp; \u201cYoung Parents Best Creative Math Enrichment\u201d (2018)<\/span><\/i><\/li><\/ul>\t\t\t\t\t\t<\/div>\r\n\t\t\t\t\t\t\t\t\t\t\t\t\t\t<\/div>\r\n\t\t\t<\/div>\r\n\t\t<\/div>\r\n\t\t\t\t\t\t<\/div>\n\t\t\t\t<\/div>\n\t\t\t\t<\/div>\n\t\t\t\t\t<\/div>\n\t\t\t\t<\/div>\n\t\t<div class=\"elementor-element elementor-element-16e0cbd e-flex e-con-boxed lakit-col-width-auto-no e-container e-root-container elementor-top-section e-con e-parent\" data-id=\"16e0cbd\" data-element_type=\"container\" data-settings=\"{&quot;background_background&quot;:&quot;classic&quot;}\">\n\t\t\t\t\t<div class=\"e-con-inner\">\n\t\t\t\t<div class=\"elementor-element elementor-element-360b52f elementor-widget elementor-widget-heading\" data-id=\"360b52f\" data-element_type=\"widget\" data-widget_type=\"heading.default\">\n\t\t\t\t\t<h2 class=\"elementor-heading-title elementor-size-default\">V\u00ec sao <span class=\"gadient_pink\">FutureMath<\/span> kh\u00e1c bi\u1ec7t?<\/h2>\t\t\t\t<\/div>\n\t\t<div class=\"elementor-element elementor-element-e03ab91 e-grid e-con-full lakit-col-width-auto-no e-container e-con e-child\" data-id=\"e03ab91\" data-element_type=\"container\">\n\t\t\t\t<div class=\"elementor-element elementor-element-d875461 border_color_pink elementor-widget elementor-widget-pp-info-box\" data-id=\"d875461\" data-element_type=\"widget\" data-widget_type=\"pp-info-box.default\">\n\t\t\t\t<div class=\"elementor-widget-container\">\n\t\t\t\t\t\t\t<div class=\"pp-info-box-container\">\r\n\t\t\t<div class=\"pp-info-box\">\r\n\t\t\t\t\t\t\t\t<div class=\"pp-info-box-content\">\r\n\t\t\t\t\t<div class=\"pp-info-box-title-wrap\">\r\n\t\t\t\t\t\t\t\t\t\t\t\t\t<div class=\"pp-info-box-title-container\">\r\n\t\t\t\t\t\t\t\t<h4 class=\"pp-info-box-title\">\r\n\t\t\t\t\t\t\t\t\tS\u1ef1 k\u1ebft h\u1ee3p tinh t\u1ebf gi\u1eefa\t\t\t\t\t\t\t\t<\/h4>\r\n\t\t\t\t\t\t\t<\/div>\r\n\t\t\t\t\t\t\t\t\t\t\t\t<\/div>\r\n\r\n\t\t\t\t\t\r\n\t\t\t\t\t\t\t\t\t\t\t<div class=\"pp-info-box-description\">\r\n\t\t\t\t\t\t\t<ul><li>Ph\u01b0\u01a1ng ph\u00e1p CPA c\u1ee7a Singapore: Tr\u1ef1c quan \u2192 H\u00ecnh \u1ea3nh \u2192 Kh\u00e1i ni\u1ec7m tr\u1eebu t\u01b0\u1ee3ng<\/li><li>PlayFACTO Logic Games: Bi\u1ebfn To\u00e1n h\u1ecdc th\u00e0nh tr\u1ea3i nghi\u1ec7m vui ch\u01a1i \u2013 h\u1ecdc th\u00f4ng qua t\u01b0\u01a1ng t\u00e1c.<\/li><\/ul>\t\t\t\t\t\t<\/div>\r\n\t\t\t\t\t\t\t\t\t\t\t\t\t\t<\/div>\r\n\t\t\t<\/div>\r\n\t\t<\/div>\r\n\t\t\t\t\t\t<\/div>\n\t\t\t\t<\/div>\n\t\t\t\t<div class=\"elementor-element elementor-element-1fdba36 border_color_pink elementor-widget elementor-widget-pp-info-box\" data-id=\"1fdba36\" data-element_type=\"widget\" data-widget_type=\"pp-info-box.default\">\n\t\t\t\t<div class=\"elementor-widget-container\">\n\t\t\t\t\t\t\t<div class=\"pp-info-box-container\">\r\n\t\t\t<div class=\"pp-info-box\">\r\n\t\t\t\t\t\t\t\t<div class=\"pp-info-box-content\">\r\n\t\t\t\t\t<div class=\"pp-info-box-title-wrap\">\r\n\t\t\t\t\t\t\t\t\t\t\t\t\t<div class=\"pp-info-box-title-container\">\r\n\t\t\t\t\t\t\t\t<h4 class=\"pp-info-box-title\">\r\n\t\t\t\t\t\t\t\t\t\u0110\u1ed9i ng\u0169 gi\u00e1o vi\u00ean v\u1eeba D\u1ea0Y TO\u00c1N v\u1eeba TH\u00daC \u0110\u1ea8Y S\u1ef0 T\u00d2 M\u00d2 \u1edf tr\u1ebb\t\t\t\t\t\t\t\t<\/h4>\r\n\t\t\t\t\t\t\t<\/div>\r\n\t\t\t\t\t\t\t\t\t\t\t\t<\/div>\r\n\r\n\t\t\t\t\t\r\n\t\t\t\t\t\t\t\t\t\t\t<div class=\"pp-info-box-description\">\r\n\t\t\t\t\t\t\t<p>Bao g\u1ed3m \u0111\u1ed9i ng\u0169 gi\u00e1o vi\u00ean chu\u1ea9n MOE, \u0111\u1ea1t ch\u1ee9ng nh\u1eadn \u0111\u00e0o t\u1ea1o b\u1edfi PlayFACTO, v\u00e0 \u0111\u1ed9i ng\u0169 gi\u00e1o vi\u00ean b\u1ea3n x\u1ee9 FutureSparQ \u0111\u01b0\u1ee3c trang b\u1ecb gi\u00e1o tr\u00ecnh song ng\u1eef, \u0111\u01b0\u1ee3c h\u1ed7 tr\u1ee3 c\u00e1c c\u00f4ng c\u1ee5 \u0111\u00e1nh gi\u00e1 b\u00e0i b\u1ea3n \u0111\u1ec3 thi\u1ebft k\u1ebf l\u1ed9 tr\u00ecnh h\u1ecdc c\u00e1 nh\u00e2n h\u00f3a.<\/p>\t\t\t\t\t\t<\/div>\r\n\t\t\t\t\t\t\t\t\t\t\t\t\t\t<\/div>\r\n\t\t\t<\/div>\r\n\t\t<\/div>\r\n\t\t\t\t\t\t<\/div>\n\t\t\t\t<\/div>\n\t\t\t\t<div class=\"elementor-element elementor-element-567aba6 border_color_pink elementor-widget elementor-widget-pp-info-box\" data-id=\"567aba6\" data-element_type=\"widget\" data-widget_type=\"pp-info-box.default\">\n\t\t\t\t<div class=\"elementor-widget-container\">\n\t\t\t\t\t\t\t<div class=\"pp-info-box-container\">\r\n\t\t\t<div class=\"pp-info-box\">\r\n\t\t\t\t\t\t\t\t<div class=\"pp-info-box-content\">\r\n\t\t\t\t\t<div class=\"pp-info-box-title-wrap\">\r\n\t\t\t\t\t\t\t\t\t\t\t\t\t<div class=\"pp-info-box-title-container\">\r\n\t\t\t\t\t\t\t\t<h4 class=\"pp-info-box-title\">\r\n\t\t\t\t\t\t\t\t\tPh\u01b0\u01a1ng ph\u00e1p h\u1ecdc t\u1eadp kh\u00e1c bi\u1ec7t:\t\t\t\t\t\t\t\t<\/h4>\r\n\t\t\t\t\t\t\t<\/div>\r\n\t\t\t\t\t\t\t\t\t\t\t\t<\/div>\r\n\r\n\t\t\t\t\t\r\n\t\t\t\t\t\t\t\t\t\t\t<div class=\"pp-info-box-description\">\r\n\t\t\t\t\t\t\t<ul><li style=\"font-weight: 400;\" aria-level=\"1\"><b>Th\u1ef1c H\u00e0nh Kh\u00e1m Ph\u00e1: <\/b><span style=\"font-weight: 400;\">ph\u00e1t tri\u1ec3n tr\u1ef1c gi\u00e1c v\u1edbi b\u1ed9 h\u1ecdc c\u1ee5 tr\u1ef1c quan PlayFACTO.<\/span><\/li><li style=\"font-weight: 400;\" aria-level=\"1\"><b>M\u00f4 H\u00ecnh H\u00f3a: <\/b><span style=\"font-weight: 400;\">ph\u01b0\u01a1ng ph\u00e1p ti\u1ebfp c\u1eadn ki\u1ebfn th\u1ee9c to\u00e0n di\u1ec7n, \u0111a ph\u01b0\u01a1ng th\u1ee9c, gi\u00fap h\u1ecdc sinh hi\u1ec3u s\u00e2u v\u00e0 nh\u1edb l\u00e2u.<\/span><\/li><li style=\"font-weight: 400;\" aria-level=\"1\"><b>Tr\u00f2 Ch\u01a1i T\u01b0\u01a1ng T\u00e1c: <\/b><span style=\"font-weight: 400;\">h\u1ecdc theo d\u1ef1 \u00e1n\u2013 nu\u00f4i d\u01b0\u1ee1ng tinh th\u1ea7n l\u00e0m vi\u1ec7c \u0111\u1ed9i nh\u00f3m v\u00e0 s\u00e1ng t\u1ea1o.<\/span><\/li><li style=\"font-weight: 400;\" aria-level=\"1\"><b>Nh\u1eadt K\u00fd T\u1ef1 Nh\u1eadn Th\u1ee9c: <\/b><span style=\"font-weight: 400;\">ph\u00e1t tri\u1ec3n n\u0103ng l\u1ef1c si\u00eau nh\u1eadn th\u1ee9c, th\u00fac \u0111\u1ea9y ph\u00e1t tri\u1ec3n b\u1ea3n th\u00e2n v\u00e0 kh\u1ea3 n\u0103ng h\u1ecdc t\u1eadp ch\u1ee7 \u0111\u1ed9ng.<\/span><\/li><\/ul>\t\t\t\t\t\t<\/div>\r\n\t\t\t\t\t\t\t\t\t\t\t\t\t\t<\/div>\r\n\t\t\t<\/div>\r\n\t\t<\/div>\r\n\t\t\t\t\t\t<\/div>\n\t\t\t\t<\/div>\n\t\t\t\t<\/div>\n\t\t\t\t\t<\/div>\n\t\t\t\t<\/div>\n\t\t<div class=\"elementor-element elementor-element-72ca1fd e-flex e-con-boxed lakit-col-width-auto-no e-container e-root-container elementor-top-section e-con e-parent\" data-id=\"72ca1fd\" data-element_type=\"container\" data-settings=\"{&quot;background_background&quot;:&quot;classic&quot;}\">\n\t\t\t\t\t<div class=\"e-con-inner\">\n\t\t\t\t<div class=\"elementor-element elementor-element-fc5fe98 elementor-widget elementor-widget-heading\" data-id=\"fc5fe98\" data-element_type=\"widget\" data-widget_type=\"heading.default\">\n\t\t\t\t\t<h2 class=\"elementor-heading-title elementor-size-default\">K\u1ebft qu\u1ea3 <span class=\"gadient_pink\">v\u01b0\u1ee3t tr\u1ed9i<\/span> <\/h2>\t\t\t\t<\/div>\n\t\t<div class=\"elementor-element elementor-element-3c578a7 e-con-full e-flex lakit-col-width-auto-no e-container e-con e-child\" data-id=\"3c578a7\" data-element_type=\"container\">\n\t\t\t\t<div class=\"elementor-element elementor-element-00b9c9d why_about elementor-widget__width-initial elementor-widget-mobile__width-inherit pp-info-box-top elementor-widget elementor-widget-pp-info-box\" data-id=\"00b9c9d\" data-element_type=\"widget\" data-settings=\"{&quot;icon_position&quot;:&quot;top&quot;}\" data-widget_type=\"pp-info-box.default\">\n\t\t\t\t<div class=\"elementor-widget-container\">\n\t\t\t\t\t\t\t<div class=\"pp-info-box-container\">\r\n\t\t\t<div class=\"pp-info-box\">\r\n\t\t\t\t\t\t\t\t\t<div class=\"pp-info-box-icon-wrap\">\r\n\t\t\t\t\t\t\t\t\t\t\t\t\t\t<span class=\"pp-info-box-icon pp-icon\">\r\n\t\t\t<img loading=\"lazy\" decoding=\"async\" width=\"184\" height=\"184\" src=\"https:\/\/futuresparq.edu.vn\/wp-content\/uploads\/2026\/01\/Bg-Ico-9.png\" class=\"attachment-full size-full wp-image-765\" alt=\"\" srcset=\"https:\/\/futuresparq.edu.vn\/wp-content\/uploads\/2026\/01\/Bg-Ico-9.png 184w, https:\/\/futuresparq.edu.vn\/wp-content\/uploads\/2026\/01\/Bg-Ico-9-150x150.png 150w\" sizes=\"(max-width: 184px) 100vw, 184px\" \/>\t\t<\/span>\r\n\t\t\t\t\t\t\t\t\t\t\t\t\t<\/div>\r\n\t\t\t\t\t\t\t\t<div class=\"pp-info-box-content\">\r\n\t\t\t\t\t<div class=\"pp-info-box-title-wrap\">\r\n\t\t\t\t\t\t\t\t\t\t\t<\/div>\r\n\r\n\t\t\t\t\t\r\n\t\t\t\t\t\t\t\t\t\t\t<div class=\"pp-info-box-description\">\r\n\t\t\t\t\t\t\t<p>Ti\u1ebfn b\u1ed9 tr\u01b0\u1edbc 1\u20133 n\u0103m \u0111\u1ed1i v\u1edbi To\u00e1n t\u01b0 duy<\/p>\t\t\t\t\t\t<\/div>\r\n\t\t\t\t\t\t\t\t\t\t\t\t\t\t<\/div>\r\n\t\t\t<\/div>\r\n\t\t<\/div>\r\n\t\t\t\t\t\t<\/div>\n\t\t\t\t<\/div>\n\t\t\t\t<div class=\"elementor-element elementor-element-0e29046 why_about elementor-widget__width-initial elementor-widget-mobile__width-inherit pp-info-box-top elementor-widget elementor-widget-pp-info-box\" data-id=\"0e29046\" data-element_type=\"widget\" data-settings=\"{&quot;icon_position&quot;:&quot;top&quot;}\" data-widget_type=\"pp-info-box.default\">\n\t\t\t\t<div class=\"elementor-widget-container\">\n\t\t\t\t\t\t\t<div class=\"pp-info-box-container\">\r\n\t\t\t<div class=\"pp-info-box\">\r\n\t\t\t\t\t\t\t\t\t<div class=\"pp-info-box-icon-wrap\">\r\n\t\t\t\t\t\t\t\t\t\t\t\t\t\t<span class=\"pp-info-box-icon pp-icon\">\r\n\t\t\t<img loading=\"lazy\" decoding=\"async\" width=\"184\" height=\"184\" src=\"https:\/\/futuresparq.edu.vn\/wp-content\/uploads\/2026\/01\/Bg-Ico-8.png\" class=\"attachment-full size-full wp-image-764\" alt=\"\" srcset=\"https:\/\/futuresparq.edu.vn\/wp-content\/uploads\/2026\/01\/Bg-Ico-8.png 184w, https:\/\/futuresparq.edu.vn\/wp-content\/uploads\/2026\/01\/Bg-Ico-8-150x150.png 150w\" sizes=\"(max-width: 184px) 100vw, 184px\" \/>\t\t<\/span>\r\n\t\t\t\t\t\t\t\t\t\t\t\t\t<\/div>\r\n\t\t\t\t\t\t\t\t<div class=\"pp-info-box-content\">\r\n\t\t\t\t\t<div class=\"pp-info-box-title-wrap\">\r\n\t\t\t\t\t\t\t\t\t\t\t<\/div>\r\n\r\n\t\t\t\t\t\r\n\t\t\t\t\t\t\t\t\t\t\t<div class=\"pp-info-box-description\">\r\n\t\t\t\t\t\t\tPh\u00e1t tri\u1ec3n n\u0103ng l\u1ef1c suy lu\u1eadn v\u01b0\u1ee3t tr\u1ed9i so v\u1edbi ch\u01b0\u01a1ng tr\u00ecnh  Cambridge Primary\t\t\t\t\t\t<\/div>\r\n\t\t\t\t\t\t\t\t\t\t\t\t\t\t<\/div>\r\n\t\t\t<\/div>\r\n\t\t<\/div>\r\n\t\t\t\t\t\t<\/div>\n\t\t\t\t<\/div>\n\t\t\t\t<div class=\"elementor-element elementor-element-f76fa7f why_about elementor-widget__width-initial elementor-widget-mobile__width-inherit pp-info-box-top elementor-widget elementor-widget-pp-info-box\" data-id=\"f76fa7f\" data-element_type=\"widget\" data-settings=\"{&quot;icon_position&quot;:&quot;top&quot;}\" data-widget_type=\"pp-info-box.default\">\n\t\t\t\t<div class=\"elementor-widget-container\">\n\t\t\t\t\t\t\t<div class=\"pp-info-box-container\">\r\n\t\t\t<div class=\"pp-info-box\">\r\n\t\t\t\t\t\t\t\t\t<div class=\"pp-info-box-icon-wrap\">\r\n\t\t\t\t\t\t\t\t\t\t\t\t\t\t<span class=\"pp-info-box-icon pp-icon\">\r\n\t\t\t<img loading=\"lazy\" decoding=\"async\" width=\"184\" height=\"184\" src=\"https:\/\/futuresparq.edu.vn\/wp-content\/uploads\/2026\/01\/Bg-Ico-7.png\" class=\"attachment-full size-full wp-image-763\" alt=\"\" srcset=\"https:\/\/futuresparq.edu.vn\/wp-content\/uploads\/2026\/01\/Bg-Ico-7.png 184w, https:\/\/futuresparq.edu.vn\/wp-content\/uploads\/2026\/01\/Bg-Ico-7-150x150.png 150w\" sizes=\"(max-width: 184px) 100vw, 184px\" \/>\t\t<\/span>\r\n\t\t\t\t\t\t\t\t\t\t\t\t\t<\/div>\r\n\t\t\t\t\t\t\t\t<div class=\"pp-info-box-content\">\r\n\t\t\t\t\t<div class=\"pp-info-box-title-wrap\">\r\n\t\t\t\t\t\t\t\t\t\t\t<\/div>\r\n\r\n\t\t\t\t\t\r\n\t\t\t\t\t\t\t\t\t\t\t<div class=\"pp-info-box-description\">\r\n\t\t\t\t\t\t\tN\u1eafm v\u1eefng c\u00e1c kh\u00e1i ni\u1ec7m To\u00e1n h\u1ecdc t\u1ed1t h\u01a1n ch\u01b0\u01a1ng tr\u00ecnh MOET\n\t\t\t\t\t\t<\/div>\r\n\t\t\t\t\t\t\t\t\t\t\t\t\t\t<\/div>\r\n\t\t\t<\/div>\r\n\t\t<\/div>\r\n\t\t\t\t\t\t<\/div>\n\t\t\t\t<\/div>\n\t\t\t\t<div class=\"elementor-element elementor-element-c31bd3d why_about elementor-widget__width-initial elementor-widget-mobile__width-inherit pp-info-box-top elementor-widget elementor-widget-pp-info-box\" data-id=\"c31bd3d\" data-element_type=\"widget\" data-settings=\"{&quot;icon_position&quot;:&quot;top&quot;}\" data-widget_type=\"pp-info-box.default\">\n\t\t\t\t<div class=\"elementor-widget-container\">\n\t\t\t\t\t\t\t<div class=\"pp-info-box-container\">\r\n\t\t\t<div class=\"pp-info-box\">\r\n\t\t\t\t\t\t\t\t\t<div class=\"pp-info-box-icon-wrap\">\r\n\t\t\t\t\t\t\t\t\t\t\t\t\t\t<span class=\"pp-info-box-icon pp-icon\">\r\n\t\t\t<img loading=\"lazy\" decoding=\"async\" width=\"184\" height=\"184\" src=\"https:\/\/futuresparq.edu.vn\/wp-content\/uploads\/2026\/01\/Bg-Ico-6.png\" class=\"attachment-full size-full wp-image-762\" alt=\"\" srcset=\"https:\/\/futuresparq.edu.vn\/wp-content\/uploads\/2026\/01\/Bg-Ico-6.png 184w, https:\/\/futuresparq.edu.vn\/wp-content\/uploads\/2026\/01\/Bg-Ico-6-150x150.png 150w\" sizes=\"(max-width: 184px) 100vw, 184px\" \/>\t\t<\/span>\r\n\t\t\t\t\t\t\t\t\t\t\t\t\t<\/div>\r\n\t\t\t\t\t\t\t\t<div class=\"pp-info-box-content\">\r\n\t\t\t\t\t<div class=\"pp-info-box-title-wrap\">\r\n\t\t\t\t\t\t\t\t\t\t\t<\/div>\r\n\r\n\t\t\t\t\t\r\n\t\t\t\t\t\t\t\t\t\t\t<div class=\"pp-info-box-description\">\r\n\t\t\t\t\t\t\tPh\u00e1t tri\u1ec3n m\u1ed9t c\u00f3 h\u1ec7 th\u1ed1ng s\u1ef1 t\u1ef1 tin v\u00e0 t\u00ednh \u0111\u1ed9c l\u1eadp trong t\u01b0 duy To\u00e1n h\u1ecdc\t\t\t\t\t\t<\/div>\r\n\t\t\t\t\t\t\t\t\t\t\t\t\t\t<\/div>\r\n\t\t\t<\/div>\r\n\t\t<\/div>\r\n\t\t\t\t\t\t<\/div>\n\t\t\t\t<\/div>\n\t\t\t\t<\/div>\n\t\t\t\t\t<\/div>\n\t\t\t\t<\/div>\n\t\t<div class=\"elementor-element elementor-element-b19d438 e-flex e-con-boxed lakit-col-width-auto-no e-container e-root-container elementor-top-section e-con e-parent\" data-id=\"b19d438\" data-element_type=\"container\">\n\t\t\t\t\t<div class=\"e-con-inner\">\n\t\t\t\t<div class=\"elementor-element elementor-element-686ed9e elementor-widget elementor-widget-image\" data-id=\"686ed9e\" data-element_type=\"widget\" data-widget_type=\"image.default\">\n\t\t\t\t\t\t\t\t\t\t\t\t\t\t\t<img loading=\"lazy\" decoding=\"async\" width=\"1811\" height=\"2560\" src=\"https:\/\/futuresparq.edu.vn\/wp-content\/uploads\/2026\/01\/VI-MATH-Pathway-scaled.png\" class=\"attachment-full size-full wp-image-1270\" alt=\"\" srcset=\"https:\/\/futuresparq.edu.vn\/wp-content\/uploads\/2026\/01\/VI-MATH-Pathway-scaled.png 1811w, https:\/\/futuresparq.edu.vn\/wp-content\/uploads\/2026\/01\/VI-MATH-Pathway-212x300.png 212w, https:\/\/futuresparq.edu.vn\/wp-content\/uploads\/2026\/01\/VI-MATH-Pathway-724x1024.png 724w, https:\/\/futuresparq.edu.vn\/wp-content\/uploads\/2026\/01\/VI-MATH-Pathway-768x1086.png 768w, https:\/\/futuresparq.edu.vn\/wp-content\/uploads\/2026\/01\/VI-MATH-Pathway-1086x1536.png 1086w, https:\/\/futuresparq.edu.vn\/wp-content\/uploads\/2026\/01\/VI-MATH-Pathway-1448x2048.png 1448w\" sizes=\"(max-width: 1811px) 100vw, 1811px\" \/>\t\t\t\t\t\t\t\t\t\t\t\t\t\t\t<\/div>\n\t\t\t\t\t<\/div>\n\t\t\t\t<\/div>\n\t\t\t\t<\/div>\n\t\t","protected":false},"excerpt":{"rendered":"<p>\u0110\u01af\u1ee2C THI\u1ebeT K\u1ebe B\u1edeI NH\u1eeeNG CHUY\u00caN GIA TO\u00c1N H\u1eccC H\u00c0NG \u0110\u1ea6U &amp; TINH CH\u1ec8NH \u0110\u1ec2 PH\u00d9 H\u1ee2P CHO TR\u1eba M\u1ee5c ti\u00eau c\u1ee7a ch\u00fang t\u00f4i l\u00e0 nu\u00f4i d\u01b0\u1ee1ng th\u1ebf h\u1ec7 t\u01b0 duy ti\u00ean phong &#8211; nh\u1eefng h\u1ecdc sinh c\u00f3 kh\u1ea3 n\u0103ng m\u00f4 h\u00ecnh h\u00f3a, ph\u00e2n t\u00edch v\u00e0 truy\u1ec1n \u0111\u1ea1t c\u00e1c \u00fd t\u01b0\u1edfng to\u00e1n h\u1ecdc m\u1ed9t c\u00e1ch [&hellip;]<\/p>\n","protected":false},"author":1,"featured_media":0,"parent":0,"menu_order":0,"comment_status":"closed","ping_status":"closed","template":"elementor_header_footer","meta":{"footnotes":""},"class_list":["post-1222","page","type-page","status-publish","hentry"],"_links":{"self":[{"href":"https:\/\/futuresparq.edu.vn\/vi\/wp-json\/wp\/v2\/pages\/1222","targetHints":{"allow":["GET"]}}],"collection":[{"href":"https:\/\/futuresparq.edu.vn\/vi\/wp-json\/wp\/v2\/pages"}],"about":[{"href":"https:\/\/futuresparq.edu.vn\/vi\/wp-json\/wp\/v2\/types\/page"}],"author":[{"embeddable":true,"href":"https:\/\/futuresparq.edu.vn\/vi\/wp-json\/wp\/v2\/users\/1"}],"replies":[{"embeddable":true,"href":"https:\/\/futuresparq.edu.vn\/vi\/wp-json\/wp\/v2\/comments?post=1222"}],"version-history":[{"count":7,"href":"https:\/\/futuresparq.edu.vn\/vi\/wp-json\/wp\/v2\/pages\/1222\/revisions"}],"predecessor-version":[{"id":1273,"href":"https:\/\/futuresparq.edu.vn\/vi\/wp-json\/wp\/v2\/pages\/1222\/revisions\/1273"}],"wp:attachment":[{"href":"https:\/\/futuresparq.edu.vn\/vi\/wp-json\/wp\/v2\/media?parent=1222"}],"curies":[{"name":"wp","href":"https:\/\/api.w.org\/{rel}","templated":true}]}}